{"id":17,"date":"2025-08-26T21:59:48","date_gmt":"2025-08-26T21:59:48","guid":{"rendered":"https:\/\/lamonaca.uy\/?page_id=17"},"modified":"2026-03-13T14:59:36","modified_gmt":"2026-03-13T14:59:36","slug":"cv","status":"publish","type":"page","link":"https:\/\/lamonaca.uy\/index.php\/cv\/","title":{"rendered":"CV"},"content":{"rendered":"[vc_row type=\u00bbin_container\u00bb full_screen_row_position=\u00bbmiddle\u00bb column_margin=\u00bbdefault\u00bb column_direction=\u00bbdefault\u00bb column_direction_tablet=\u00bbdefault\u00bb column_direction_phone=\u00bbdefault\u00bb scene_position=\u00bbcenter\u00bb top_padding=\u00bb0&#8243; bottom_padding=\u00bb24&#8243; bottom_padding_tablet=\u00bb0&#8243; text_color=\u00bbdark\u00bb text_align=\u00bbleft\u00bb row_border_radius=\u00bbnone\u00bb row_border_radius_applies=\u00bbbg\u00bb overflow=\u00bbvisible\u00bb overlay_strength=\u00bb0.3&#8243; gradient_direction=\u00bbleft_to_right\u00bb shape_divider_position=\u00bbbottom\u00bb bg_image_animation=\u00bbnone\u00bb gradient_type=\u00bbdefault\u00bb shape_type=\u00bb\u00bb][vc_column column_padding=\u00bbno-extra-padding\u00bb column_padding_tablet=\u00bbinherit\u00bb column_padding_phone=\u00bbinherit\u00bb column_padding_position=\u00bball\u00bb column_element_direction_desktop=\u00bbdefault\u00bb column_element_spacing=\u00bbdefault\u00bb desktop_text_alignment=\u00bbdefault\u00bb tablet_text_alignment=\u00bbdefault\u00bb phone_text_alignment=\u00bbdefault\u00bb background_color_opacity=\u00bb1&#8243; background_hover_color_opacity=\u00bb1&#8243; column_backdrop_filter=\u00bbnone\u00bb column_shadow=\u00bbnone\u00bb column_border_radius=\u00bbnone\u00bb column_link_target=\u00bb_self\u00bb column_position=\u00bbdefault\u00bb gradient_direction=\u00bbleft_to_right\u00bb overlay_strength=\u00bb0.3&#8243; width=\u00bb1\/1&#8243; tablet_width_inherit=\u00bbdefault\u00bb animation_type=\u00bbdefault\u00bb bg_image_animation=\u00bbnone\u00bb border_type=\u00bbsimple\u00bb column_border_width=\u00bbnone\u00bb column_border_style=\u00bbsolid\u00bb][vc_column_text css=\u00bb\u00bb text_direction=\u00bbdefault\u00bb]\n<h1>CV<\/h1>\n[\/vc_column_text][\/vc_column][\/vc_row][vc_row type=\u00bbin_container\u00bb full_screen_row_position=\u00bbmiddle\u00bb column_margin=\u00bbdefault\u00bb column_direction=\u00bbdefault\u00bb column_direction_tablet=\u00bbdefault\u00bb column_direction_phone=\u00bbdefault\u00bb scene_position=\u00bbcenter\u00bb text_color=\u00bbdark\u00bb text_align=\u00bbleft\u00bb row_border_radius=\u00bbnone\u00bb row_border_radius_applies=\u00bbbg\u00bb overflow=\u00bbvisible\u00bb overlay_strength=\u00bb0.3&#8243; gradient_direction=\u00bbleft_to_right\u00bb shape_divider_position=\u00bbbottom\u00bb bg_image_animation=\u00bbnone\u00bb][vc_column column_padding=\u00bbno-extra-padding\u00bb column_padding_tablet=\u00bbinherit\u00bb column_padding_phone=\u00bbinherit\u00bb column_padding_position=\u00bball\u00bb column_element_direction_desktop=\u00bbdefault\u00bb column_element_spacing=\u00bbdefault\u00bb desktop_text_alignment=\u00bbdefault\u00bb tablet_text_alignment=\u00bbdefault\u00bb phone_text_alignment=\u00bbdefault\u00bb background_color_opacity=\u00bb1&#8243; background_hover_color_opacity=\u00bb1&#8243; column_backdrop_filter=\u00bbnone\u00bb column_shadow=\u00bbnone\u00bb column_border_radius=\u00bbnone\u00bb column_link_target=\u00bb_self\u00bb column_position=\u00bbdefault\u00bb gradient_direction=\u00bbleft_to_right\u00bb overlay_strength=\u00bb0.3&#8243; width=\u00bb1\/1&#8243; tablet_width_inherit=\u00bbdefault\u00bb animation_type=\u00bbdefault\u00bb bg_image_animation=\u00bbnone\u00bb border_type=\u00bbsimple\u00bb column_border_width=\u00bbnone\u00bb column_border_style=\u00bbsolid\u00bb][toggles style=\u00bbminimal\u00bb][toggle color=\u00bbDefault\u00bb heading_tag=\u00bbdefault\u00bb heading_tag_functionality=\u00bbdefault\u00bb title=\u00bbformaci\u00f3n (resumen)\u00bb][vc_column_text css=\u00bb\u00bb text_direction=\u00bbdefault\u00bb]\n<ul>\n<li><strong>M\u00e1ster en Dise\u00f1o Editorial y Publicaciones Digitales<br \/>\n<\/strong>Escuela Superior de Dise\u00f1o de Barcelona y Universidad Internacional de Valencia (Espa\u00f1a).<\/li>\n<li><strong>Licenciado en Dise\u00f1o Gr\u00e1fico<br \/>\n<\/strong>Universidad ORT (Uruguay).<\/li>\n<li><strong>Diploma en Planificaci\u00f3n y Gesti\u00f3n Educativa<br \/>\n<\/strong>Instituto de Educaci\u00f3n, Universidad ORT (Uruguay)<\/li>\n<li><strong>Diploma de Docencia Universitaria<br \/>\n<\/strong>Instituto de Educaci\u00f3n, Universidad ORT (Uruguay).<\/li>\n<li><strong>Diplomado en Dise\u00f1o y producci\u00f3n tipogr\u00e1fica<br \/>\n<\/strong>Tipografilia Estudios (M\u00e9xico).<\/li>\n<\/ul>\n[\/vc_column_text][\/toggle][toggle color=\u00bbDefault\u00bb heading_tag=\u00bbdefault\u00bb heading_tag_functionality=\u00bbdefault\u00bb title=\u00bbdocencia\u00bb][vc_column_text css=\u00bb\u00bb text_direction=\u00bbdefault\u00bb]\n<ul>\n<li><strong>Profesor Adjunto G3<br \/>\n<\/strong>(febrero 2026) LDCV\/FADU Udelar (Uruguay).<\/li>\n<li><strong>Coordinador Acad\u00e9mico de la Licenciatura en Dise\u00f1o Gr\u00e1fico,<br \/>\n<\/strong>(marzo 2022 \u2013 agosto 2024) Universidad ORT (Uruguay).<\/li>\n<li><strong>Coordinador Acad\u00e9mico de las Carreras t\u00e9cnicas en Dise\u00f1o Gr\u00e1fico,<br \/>\n<\/strong>(marzo 2022 \u2013 actualidad) Universidad ORT (Uruguay).<\/li>\n<li><strong>Catedr\u00e1tico de Dise\u00f1o Gr\u00e1fico,<br \/>\n<\/strong>(marzo 2021 \u2013 marzo 2022) Universidad ORT (Uruguay).<\/li>\n<li><strong>Dise\u00f1o de plan de estudios. Post\u00edtulo en Dise\u00f1o Tipogr\u00e1fico,<br \/>\n<\/strong>Universidad Tecnol\u00f3gica Inacap (Chile). Responsable acad\u00e9mico de la elaboraci\u00f3n de la malla curricular. 2016-2017.<\/li>\n<li><strong>Docente. Post\u00edtulo en Dise\u00f1o Tipogr\u00e1fico,<br \/>\n<\/strong>Universidad Tecnol\u00f3gica Inacap (Chile). M\u00f3dulo final. 2016-2017.<\/li>\n<li><strong>Docente,<br \/>\n<\/strong>2000-2024, Universidad ORT (Uruguay) en las \u00e1reas de tipograf\u00eda, dise\u00f1o editorial, arte y est\u00e9tica.<\/li>\n<\/ul>\n[\/vc_column_text][\/toggle][toggle color=\u00bbDefault\u00bb heading_tag=\u00bbdefault\u00bb heading_tag_functionality=\u00bbdefault\u00bb title=\u00bbtipograf\u00eda\u00bb][vc_column_text css=\u00bb\u00bb text_direction=\u00bbdefault\u00bb]\n<ul>\n<li>Socio Fundador de <a href=\"https:\/\/tipotype.com\/\" target=\"_blank\" rel=\"noopener\"><strong>TipoType<\/strong><\/a>, primera fundici\u00f3n tipogr\u00e1fica digital uruguaya<\/li>\n<li>Primer socio y delegado de <strong>ATypI<\/strong> para Uruguay<\/li>\n<li>Jurado y coordinador en las bienales de dise\u00f1o tipogr\u00e1fico <strong>Letras Latinas<\/strong> y <strong>Tipos Latinos<\/strong>.<\/li>\n<li>Coordinador <a href=\"https:\/\/tipografia.com.uy\/\" target=\"_blank\" rel=\"noopener\"><strong>Tipograf\u00eda Uruguaya<\/strong><\/a> relevamiento en l\u00ednea de la producci\u00f3n tipogr\u00e1fica uruguaya.<\/li>\n<li>Socio fundador de la <strong>Sociedad Tipogr\u00e1fica de Montevideo.<\/strong><\/li>\n<\/ul>\n[\/vc_column_text][\/toggle][toggle color=\u00bbDefault\u00bb heading_tag=\u00bbdefault\u00bb heading_tag_functionality=\u00bbdefault\u00bb title=\u00bbpublicaciones\u00bb][vc_column_text css=\u00bb\u00bb text_direction=\u00bbdefault\u00bb]Ha publicado diversos libros, tanto como autor como compilador, participado en publicaciones colectivas y prologado libros sobre dise\u00f1o y tipograf\u00eda.<\/p>\n<p>Desde su proyecto editorial (\u00a1Que sea para bien!) se dedica a difundir posturas que alimentan la reflexi\u00f3n en clave ideol\u00f3gica sobre el ejercicio de la tipograf\u00eda y el dise\u00f1o.<\/p>\n<ul>\n<li><em>Tipograf\u00eda Latinoamericana. Un panorama actual y futuro.<br \/>\n<\/em>Editorial Wolkowicz Editores, Argentina. 2012. Autor y compilador. (isbn: 978-987-28453-3-9)<\/li>\n<li><em>Sucedi\u00f3 : {diez a\u00f1os de tipograf\u00eda digital uruguaya}.<br \/>\n<\/em>Editorial \u00a1Que sea para bien!, Uruguay. Autor y compilador. (isbn: 978-9974-9142-92) (2016)<\/li>\n<li><em>Comportamiento editorial : apuntes para el dise\u00f1o.<\/em><br \/>\nEditorial \u00a1Que sea para bien!, Uruguay y Editorial Wolkowicz Editores, Argentina. Autor. (isbn: 978-9915-40-202-4) (2020)<\/li>\n<li><em>Dise\u00f1ar con palabras ajenas, apuntes para la reflexi\u00f3n.<br \/>\n<\/em>Editorial \u00a1Que sea para bien!, Uruguay. Autor. (isbn: 978-9915-43-238-0) (2025)<\/li>\n<li><em>dogma580 : apuntes para un abordaje ideol\u00f3gico de la producci\u00f3n y distribuci\u00f3n de tipograf\u00edas.<\/em><br \/>\nEditorial \u00a1Que sea para bien!, Uruguay. Autor. (isbn: 978-9974-91-80-1) (2018)<\/li>\n<\/ul>\n[\/vc_column_text][\/toggle][toggle color=\u00bbDefault\u00bb heading_tag=\u00bbdefault\u00bb heading_tag_functionality=\u00bbdefault\u00bb title=\u00bbconferencias, talleres, cursos\u00bb][vc_column_text css=\u00bb\u00bb text_direction=\u00bbdefault\u00bb]\n<ul>\n<li>Ha dictado conferencias sobre dise\u00f1o y tipograf\u00eda en Uruguay, Argentina, Brasil, Chile, Paraguay, M\u00e9xico.<\/li>\n<li>Ha dictado cursos y talleres presenciales y a distancia para diferentes instituciones, entre otras Buena Letra, Fundaci\u00f3n Gutenberg, Tipos Latinos.<\/li>\n<li>Promotor de la exposici\u00f3n: Letras con Vida, sobre el trabajo de Edward Johnston, la misma ha sido expuesta en Uruguay, Argentina, Brasil, Paraguay.<\/li>\n<\/ul>\n[\/vc_column_text][\/toggle][\/toggles][\/vc_column][\/vc_row]\n","protected":false},"excerpt":{"rendered":"<p>[vc_row type=\u00bbin_container\u00bb full_screen_row_position=\u00bbmiddle\u00bb column_margin=\u00bbdefault\u00bb column_direction=\u00bbdefault\u00bb column_direction_tablet=\u00bbdefault\u00bb column_direction_phone=\u00bbdefault\u00bb scene_position=\u00bbcenter\u00bb top_padding=\u00bb0&#8243; bottom_padding=\u00bb24&#8243; bottom_padding_tablet=\u00bb0&#8243; text_color=\u00bbdark\u00bb text_align=\u00bbleft\u00bb row_border_radius=\u00bbnone\u00bb row_border_radius_applies=\u00bbbg\u00bb overflow=\u00bbvisible\u00bb overlay_strength=\u00bb0.3&#8243; gradient_direction=\u00bbleft_to_right\u00bb shape_divider_position=\u00bbbottom\u00bb bg_image_animation=\u00bbnone\u00bb gradient_type=\u00bbdefault\u00bb shape_type=\u00bb\u00bb][vc_column column_padding=\u00bbno-extra-padding\u00bb column_padding_tablet=\u00bbinherit\u00bb column_padding_phone=\u00bbinherit\u00bb column_padding_position=\u00bball\u00bb column_element_direction_desktop=\u00bbdefault\u00bb column_element_spacing=\u00bbdefault\u00bb desktop_text_alignment=\u00bbdefault\u00bb tablet_text_alignment=\u00bbdefault\u00bb&#8230;<\/p>\n","protected":false},"author":1,"featured_media":0,"parent":0,"menu_order":0,"comment_status":"closed","ping_status":"closed","template":"","meta":{"footnotes":""},"class_list":["post-17","page","type-page","status-publish"],"_links":{"self":[{"href":"https:\/\/lamonaca.uy\/index.php\/wp-json\/wp\/v2\/pages\/17","targetHints":{"allow":["GET"]}}],"collection":[{"href":"https:\/\/lamonaca.uy\/index.php\/wp-json\/wp\/v2\/pages"}],"about":[{"href":"https:\/\/lamonaca.uy\/index.php\/wp-json\/wp\/v2\/types\/page"}],"author":[{"embeddable":true,"href":"https:\/\/lamonaca.uy\/index.php\/wp-json\/wp\/v2\/users\/1"}],"replies":[{"embeddable":true,"href":"https:\/\/lamonaca.uy\/index.php\/wp-json\/wp\/v2\/comments?post=17"}],"version-history":[{"count":21,"href":"https:\/\/lamonaca.uy\/index.php\/wp-json\/wp\/v2\/pages\/17\/revisions"}],"predecessor-version":[{"id":128,"href":"https:\/\/lamonaca.uy\/index.php\/wp-json\/wp\/v2\/pages\/17\/revisions\/128"}],"wp:attachment":[{"href":"https:\/\/lamonaca.uy\/index.php\/wp-json\/wp\/v2\/media?parent=17"}],"curies":[{"name":"wp","href":"https:\/\/api.w.org\/{rel}","templated":true}]}}